{"id":10085,"date":"2022-11-21T16:00:44","date_gmt":"2022-11-21T16:00:44","guid":{"rendered":"https:\/\/tehnikabacko.rs\/?post_type=product&#038;p=10085"},"modified":"2026-04-02T08:14:38","modified_gmt":"2026-04-02T08:14:38","slug":"stiga-combi-753-s-motorna-rotaciona-kosilica","status":"publish","type":"product","link":"https:\/\/tehnikabacko.rs\/index.php\/product\/stiga-combi-753-s-motorna-rotaciona-kosilica\/","title":{"rendered":"STIGA COMBI 753 S \u2013 motorna rotaciona kosilica"},"content":{"rendered":"<div class=\"vc_tta-tabs-container\">\n<ul class=\"vc_tta-tabs-list\">\n<li class=\"vc_tta-tab vc_active\" data-vc-tab=\"\"><a href=\"https:\/\/mpsmotor.hr\/proizvod\/stiga-combi-753-s-motorna-rotaciona-kosilica\/#1487339379001-2421c3ad-6d76\" data-vc-tabs=\"\" data-vc-container=\".vc_tta\"><span class=\"vc_tta-title-text\">Tehni\u010dke specifikacije<\/span><\/a><\/li>\n<\/ul>\n<\/div>\n<div class=\"vc_tta-panels-container\">\n<div class=\"vc_tta-panels\">\n<div id=\"1487339379001-2421c3ad-6d76\" class=\"vc_tta-panel vc_active\" data-vc-content=\".vc_tta-panel-body\">\n<div class=\"vc_tta-panel-body\">\n<div class=\"wpb_text_column wpb_content_element \">\n<div class=\"wpb_wrapper\">\n<table width=\"600\">\n<tbody>\n<tr>\n<td width=\"250\"><strong>Model<\/strong><\/td>\n<td width=\"278\">STIGA Combi 753 S<\/td>\n<\/tr>\n<tr>\n<td><strong>Br. Artikla<\/strong><\/td>\n<td>2L0536848\/ST2<\/td>\n<\/tr>\n<tr>\n<td><strong>Razina namjene<\/strong><\/td>\n<td>Experience<\/td>\n<\/tr>\n<tr>\n<td><strong>Serija<\/strong><\/td>\n<td>Series 7<\/td>\n<\/tr>\n<tr>\n<td colspan=\"2\"><\/td>\n<\/tr>\n<tr>\n<td colspan=\"2\"><strong>Tehni\u010dke karakteristike<\/strong><\/td>\n<\/tr>\n<tr>\n<td>Vrsta motora<\/td>\n<td>benzinski<\/td>\n<\/tr>\n<tr>\n<td>Snaga<\/td>\n<td>2,6 kW<\/td>\n<\/tr>\n<tr>\n<td>Model motora<\/td>\n<td>ST 170 OHV Autochoke<\/td>\n<\/tr>\n<tr>\n<td>Zapremina<\/td>\n<td>166 cm\u00b3<\/td>\n<\/tr>\n<tr>\n<td>Brzina vrtnje motora<\/td>\n<td>2900 o\/min<\/td>\n<\/tr>\n<tr>\n<td>Pokretanje<\/td>\n<td>ru\u010dni starter<\/td>\n<\/tr>\n<tr>\n<td>Zapremina spremnika goriva<\/td>\n<td>1,00 l<\/td>\n<\/tr>\n<tr>\n<td colspan=\"2\"><\/td>\n<\/tr>\n<tr>\n<td colspan=\"2\"><strong>Rezni sustav<\/strong><\/td>\n<\/tr>\n<tr>\n<td>Sistem ku\u0107i\u0161ta<\/td>\n<td>4-u-1 (sakupljanje, mal\u010diranje te stra\u017enje i bo\u010dno izbacivanje)<\/td>\n<\/tr>\n<tr>\n<td>Materijal reznog ku\u0107i\u0161ta<\/td>\n<td>Pocin\u010dani \u010delik<\/td>\n<\/tr>\n<tr>\n<td>\u0160irina ku\u0107i\u0161ta<\/td>\n<td>53 cm<\/td>\n<\/tr>\n<tr>\n<td>Na\u010din pode\u0161avanje visine ko\u0161nje<\/td>\n<td>sredi\u0161nje<\/td>\n<\/tr>\n<tr>\n<td>Broj pozicija visine ko\u0161nje<\/td>\n<td>6 pozicije<\/td>\n<\/tr>\n<tr>\n<td>Raspon visine ko\u0161nje<\/td>\n<td>22-80 mm<\/td>\n<\/tr>\n<tr>\n<td>Povr\u0161ina za ko\u0161nju<\/td>\n<td>1800 m\u00b2<\/td>\n<\/tr>\n<tr>\n<td>Sustav pogona<\/td>\n<td>Stra\u017enji pogon<\/td>\n<\/tr>\n<tr>\n<td colspan=\"2\"><\/td>\n<\/tr>\n<tr>\n<td colspan=\"2\"><strong>Oprema<\/strong><\/td>\n<\/tr>\n<tr>\n<td>Zapremina sakuplja\u010da<\/td>\n<td>60 l<\/td>\n<\/tr>\n<tr>\n<td>Materijal sakuplja\u010da<\/td>\n<td>\u00a0Hybrid (plastika + tekstil)<\/td>\n<\/tr>\n<tr>\n<td>Tip rukohvata<\/td>\n<td><strong>Fulcrum<\/strong>\u00a0s mekom oblogom \u2013 bo\u010dno podesiv<\/td>\n<\/tr>\n<tr>\n<td>Prednji rukohvat<\/td>\n<td>Da<\/td>\n<\/tr>\n<tr>\n<td>Preklopni rukohvat<\/td>\n<td>Da<\/td>\n<\/tr>\n<tr>\n<td>Kota\u010di (prednji\/stra\u017enji)<\/td>\n<td>200\/280 mm profilirani kota\u010di na kugli\u010dnim le\u017eajevima s mekim gaznim slojem<\/td>\n<\/tr>\n<tr>\n<td colspan=\"2\"><\/td>\n<\/tr>\n<tr>\n<td colspan=\"2\"><strong>Vibracije i razina buke<\/strong><\/td>\n<\/tr>\n<tr>\n<td>Vibracije na rukama (m\/s\u00b2)<\/td>\n<td>5,9<\/td>\n<\/tr>\n<tr>\n<td>Izmjerena razina buke dB(A)<\/td>\n<td>98<\/td>\n<\/tr>\n<tr>\n<td>Zajam\u010dena razina buke (LwA) \u2013 dB(A)<\/td>\n<td>98<\/td>\n<\/tr>\n<tr>\n<td colspan=\"2\"><\/td>\n<\/tr>\n<tr>\n<td colspan=\"2\"><strong>Dimenzije<\/strong><\/td>\n<\/tr>\n<tr>\n<td>Te\u017eina proizvoda<\/td>\n<td>\u00a035 kg<\/td>\n<\/tr>\n<tr>\n<td>Dimenzije proizvoda (d x \u0161 x v)<\/td>\n<td>1595 mm x 565 mm x 1225 mm<\/td>\n<\/tr>\n<\/tbody>\n<\/table>\n<\/div>\n<\/div>\n<\/div>\n<\/div>\n<\/div>\n<\/div>\n","protected":false},"excerpt":{"rendered":"<h1 class=\"product_title entry-title\">STIGA COMBI 753 S \u2013 motorna rotaciona kosilica<\/h1>\n<div>\n<blockquote><p><strong>STIGA COMBI 753 S<\/strong>, rotaciona kosilica, motorna, samohodna, stra\u017enji pogon, Fulcrum ru\u010dka, \u0161irina ku\u0107i\u0161ta 53 cm, STIGA ST 170 OHV, 166 cm\u00b3, 2.6 kW\/2900 o\/min, 4 u 1 sistem ko\u0161nje, sakupljanje, mal\u010diranje, stra\u017enje izbacivanje, bo\u010dno izbacivanje, za ko\u0161nju povr\u0161ina do 1800 m\u00b2.<\/p><\/blockquote>\n<p>Jednostavno i lako kosi i s travnjaka uklanja poko\u0161enu travu i li\u0161\u0107e, prihranjuje i uljep\u0161ava travnjak Multiclip (mal\u010diranje) sistemom ili ako je trava vi\u0161a, jednostavno je izbacuje bo\u010dno ili iza sebe.<\/p>\n<p>Iznimno veliki pogonski kota\u010di \u010dine ko\u0161nju ugodnijom na neravnim terenima.<\/p>\n<p>Jedinstven STIGA Fulcrum koncept ru\u010dke \u2013 lako se sastavlja i sklapa, lako se rukuje i manevrira i kona\u010dno, lako se sprema. Podesiva visina, kut i nagib \u2013 jedna ru\u010dka koja odgovara ba\u0161 svakom korisniku.<\/p>\n<p>Prostrani hibridni sakuplja\u010d trave s indikatorom napunjenosti svojim tekstilnim dijelom optimizira protok zraka, \u010dime se posti\u017ee bolje punjenje, a ergonomska ru\u010dka sakuplja\u010da omogu\u0107uje jednostavno pra\u017enjenje. Za ko\u0161nju povr\u0161ina do\u00a0<b>1800 m\u00b2<\/b>.<\/p>\n<\/div>\n","protected":false},"featured_media":10159,"comment_status":"open","ping_status":"closed","template":"","meta":{"inline_featured_image":false},"product_brand":[],"product_cat":[244,272],"product_tag":[],"class_list":{"0":"post-10085","1":"product","2":"type-product","3":"status-publish","4":"has-post-thumbnail","6":"product_cat-kosacice","7":"product_cat-motorna-kosilica","9":"first","10":"instock","11":"sale","12":"shipping-taxable","13":"purchasable","14":"product-type-simple"},"_links":{"self":[{"href":"https:\/\/tehnikabacko.rs\/index.php\/wp-json\/wp\/v2\/product\/10085","targetHints":{"allow":["GET"]}}],"collection":[{"href":"https:\/\/tehnikabacko.rs\/index.php\/wp-json\/wp\/v2\/product"}],"about":[{"href":"https:\/\/tehnikabacko.rs\/index.php\/wp-json\/wp\/v2\/types\/product"}],"replies":[{"embeddable":true,"href":"https:\/\/tehnikabacko.rs\/index.php\/wp-json\/wp\/v2\/comments?post=10085"}],"wp:featuredmedia":[{"embeddable":true,"href":"https:\/\/tehnikabacko.rs\/index.php\/wp-json\/wp\/v2\/media\/10159"}],"wp:attachment":[{"href":"https:\/\/tehnikabacko.rs\/index.php\/wp-json\/wp\/v2\/media?parent=10085"}],"wp:term":[{"taxonomy":"product_brand","embeddable":true,"href":"https:\/\/tehnikabacko.rs\/index.php\/wp-json\/wp\/v2\/product_brand?post=10085"},{"taxonomy":"product_cat","embeddable":true,"href":"https:\/\/tehnikabacko.rs\/index.php\/wp-json\/wp\/v2\/product_cat?post=10085"},{"taxonomy":"product_tag","embeddable":true,"href":"https:\/\/tehnikabacko.rs\/index.php\/wp-json\/wp\/v2\/product_tag?post=10085"}],"curies":[{"name":"wp","href":"https:\/\/api.w.org\/{rel}","templated":true}]}}