{"id":10083,"date":"2022-11-21T15:57:55","date_gmt":"2022-11-21T15:57:55","guid":{"rendered":"https:\/\/tehnikabacko.rs\/?post_type=product&#038;p=10083"},"modified":"2026-04-02T08:14:02","modified_gmt":"2026-04-02T08:14:02","slug":"kosilica-s-combi-748-s","status":"publish","type":"product","link":"https:\/\/tehnikabacko.rs\/index.php\/product\/kosilica-s-combi-748-s\/","title":{"rendered":"KOSILICA S COMBI 748 S"},"content":{"rendered":"<h3 class=\"commerce-product-default-full__section-title\">D\u0435talji proizvoda<\/h3>\n<div class=\"commerce-product-default-full__body\">\n<div class=\"commerce-product-default-full__body-item\">\n<p>Stiga Combi 748 S ru\u010dno pokretna kosilica odli\u010dnih je radnih karakteristika. S travnjaka uklanja poko\u0161enu travu i li\u0161\u0107e. Prihranjuje i uljep\u0161ava travnjak &#8222;Multiclip&#8220; (mal\u010diranje) sistemom ili ako je trava vi\u0161a, izbacuje ju bo\u010dno ili iza sebe. Veliki kota\u010di ko\u0161nju \u010dine ugodnijom na neravnim terenima. Omogu\u0107uje odabir izme\u0111u 4 razli\u010dite funkcije ko\u0161nje: stra\u017enje i bo\u010dno izbacivanje, sakupljanje ili mal\u010diranje, koje usitnjava poko\u0161enu travu i travnjaku slu\u017ei kao prirodno gnojivo. Centralizirana visina rezanja lako se pode\u0161ava polugom u 6 razli\u010ditih polo\u017eaja, u rasponu od 22 do 80 mm. Namijenjena za ko\u0161nju zelenih povr\u0161ina do 1600 m\u00b2.<\/p>\n<p>Sakuplja\u010d trave<br \/>\nHibridni sakuplja\u010d omogu\u0107uje prikupljanje do 60 litara poko\u0161ene trave. Indikator na gornjoj strani aktivira se kada je ko\u0161ara puna, tako da nema potrebe za stalnim provjeravanjem napunjenosti.<\/p>\n<p>Bo\u010dno izbacivanje<br \/>\nKosilica ima mogu\u0107nost bo\u010dnog izbacivanja trave pomo\u0107u ugra\u0111enog usmjeriva\u010da.<\/p>\n<p>Centralizirano pode\u0161avanje visine rezanja<br \/>\nZahvaljuju\u0107i ru\u010dici smje\u0161tenoj na kota\u010du, visina rezanja mo\u017ee se brzo postaviti u 6 polo\u017eaja, od 22 do 80 mm.<\/p>\n<p>Komplet za mal\u010diranje<br \/>\nKosilica se mo\u017ee koristiti funkcijom mal\u010diranja. Potrebno je samo ukloniti ko\u0161aru i umetnuti \u010dep za mal\u010diranje.<\/p>\n<p>Ostale karakteristike:<br \/>\nsistem pogona: bez pogona<br \/>\ntip rukohvata: ergonomski, podesivi, preklopan, mekana obloga<\/p>\n<\/div>\n<\/div>\n<div class=\"product--variation-field--variation_list_price__22010\"><\/div>\n<div class=\"product--variation-field--variation_field_snaga__22010\"><\/div>\n<div class=\"product--variation-field--variation_field_sifra_proizvodaca__22010\"><\/div>\n<div class=\"product--variation-field--variation_field_odgovara_za_modele__22010\"><\/div>\n<div class=\"product--variation-field--variation_field_tip__22010\"><\/div>\n<div class=\"product--variation-field--variation_field_specifikacija__22010\"><\/div>\n<div class=\"product--variation-field--variation_field_product_model__22010\"><\/div>\n<div class=\"product--variation-field--variation_field_motor_tip__22010\"><\/div>\n<div>\n<div class=\"taxonomy-term-manufacturers-declaration__field-importer\">\n<div class=\"taxonomy-term-manufacturers-declaration__field-importer-label\">Uvoznik<\/div>\n<div class=\"taxonomy-term-manufacturers-declaration__field-importer-item\">Agromarket<\/div>\n<\/div>\n<div class=\"taxonomy-term-manufacturers-declaration__field-country-of-origin\">\n<div class=\"taxonomy-term-manufacturers-declaration__field-country-of-origin-label\">Zemlja porekla<\/div>\n<div class=\"taxonomy-term-manufacturers-declaration__field-country-of-origin-item\">Slova\u010dk<\/div>\n<\/div>\n<\/div>\n","protected":false},"excerpt":{"rendered":"<h1>KOSILICA S COMBI 748 S<\/h1>\n<div class=\"product--variation-field--variation_sku__22010 commerce-product-variation-default-full__sku\">\n<div class=\"commerce-product-variation-default-full__sku-label\">\u0160ifra<\/div>\n<div class=\"commerce-product-variation-default-full__sku-item\">9243<\/div>\n<\/div>\n<div class=\"commerce-product-default-full__field-manufacturer\">\n<div class=\"commerce-product-default-full__field-manufacturer-label\">Manufacturer<\/div>\n<div class=\"commerce-product-default-full__field-manufacturer-item\"><a href=\"https:\/\/intercom-su.co.rs\/stiga\">Stiga<\/a><\/div>\n<\/div>\n<div class=\"product--variation-field--variation_field_kataloski_broj__22010\"><\/div>\n<div class=\"product--variation-field--variation_field_karakteristike__22010 commerce-product-variation-default-full__field-karakteristike\">\n<div class=\"commerce-product-variation-default-full__field-karakteristike-item\">\n<p>TIP MOTORA ST 140 OHV AUTOCHOKE<br \/>\nSNAGA MOTORA 2.2KW<br \/>\n\u0160IRINA KO\u0160ENJA 46CM<br \/>\nVISINA KO\u0160ENJA 2.2-8MMM<br \/>\nKAPACITET SAKUPLJA\u010cA ZA TRAVU 60L<br \/>\nREZERVOAR ZA BENZIN\/ULJE 0.75L\/0.5L<br \/>\nMASA TEZINA 29KG<\/p>\n<\/div>\n<\/div>\n","protected":false},"featured_media":10084,"comment_status":"open","ping_status":"closed","template":"","meta":{"inline_featured_image":false},"product_brand":[],"product_cat":[244,272],"product_tag":[],"class_list":{"0":"post-10083","1":"product","2":"type-product","3":"status-publish","4":"has-post-thumbnail","6":"product_cat-kosacice","7":"product_cat-motorna-kosilica","9":"first","10":"instock","11":"sale","12":"shipping-taxable","13":"purchasable","14":"product-type-simple"},"_links":{"self":[{"href":"https:\/\/tehnikabacko.rs\/index.php\/wp-json\/wp\/v2\/product\/10083","targetHints":{"allow":["GET"]}}],"collection":[{"href":"https:\/\/tehnikabacko.rs\/index.php\/wp-json\/wp\/v2\/product"}],"about":[{"href":"https:\/\/tehnikabacko.rs\/index.php\/wp-json\/wp\/v2\/types\/product"}],"replies":[{"embeddable":true,"href":"https:\/\/tehnikabacko.rs\/index.php\/wp-json\/wp\/v2\/comments?post=10083"}],"wp:featuredmedia":[{"embeddable":true,"href":"https:\/\/tehnikabacko.rs\/index.php\/wp-json\/wp\/v2\/media\/10084"}],"wp:attachment":[{"href":"https:\/\/tehnikabacko.rs\/index.php\/wp-json\/wp\/v2\/media?parent=10083"}],"wp:term":[{"taxonomy":"product_brand","embeddable":true,"href":"https:\/\/tehnikabacko.rs\/index.php\/wp-json\/wp\/v2\/product_brand?post=10083"},{"taxonomy":"product_cat","embeddable":true,"href":"https:\/\/tehnikabacko.rs\/index.php\/wp-json\/wp\/v2\/product_cat?post=10083"},{"taxonomy":"product_tag","embeddable":true,"href":"https:\/\/tehnikabacko.rs\/index.php\/wp-json\/wp\/v2\/product_tag?post=10083"}],"curies":[{"name":"wp","href":"https:\/\/api.w.org\/{rel}","templated":true}]}}