{"id":10060,"date":"2022-11-15T16:57:38","date_gmt":"2022-11-15T16:57:38","guid":{"rendered":"https:\/\/tehnikabacko.rs\/?post_type=product&#038;p=10060"},"modified":"2025-06-02T03:38:20","modified_gmt":"2025-06-02T03:38:20","slug":"vln-4320-1bsc-ugaona-brusilica","status":"publish","type":"product","link":"https:\/\/tehnikabacko.rs\/index.php\/product\/vln-4320-1bsc-ugaona-brusilica\/","title":{"rendered":"VLN 4320-1BSC ugaona brusilica"},"content":{"rendered":"<h2>Specifikacija<\/h2>\n<table class=\"table\">\n<thead class=\"thead-dark\">\n<tr>\n<th colspan=\"2\">\n<div class=\"d-flex align-items-center\"><span class=\"h5 mb-0 text-light\">Karakteristike<\/span><a class=\"compare-product btn btn-sm btn-secondary ml-auto\" data-id=\"7366\" data-title=\"VLN 4320-1BSC ugaona brusilica\" data-image=\"villager-fuse-4320_s.jpg\"><i class=\"czi-compare\"><\/i>\u00a0Dodaj u Pore\u0111enje<\/a><\/div>\n<\/th>\n<\/tr>\n<\/thead>\n<tbody>\n<tr>\n<td>Kategorija<\/td>\n<td><strong>Akumulatorske brusilice<\/strong><\/td>\n<\/tr>\n<tr>\n<td>Tip baterije<\/td>\n<td><strong>Fuse 18 V, Li-ion<\/strong><\/td>\n<\/tr>\n<tr>\n<td>Napon<\/td>\n<td><strong>18 V<\/strong><\/td>\n<\/tr>\n<tr>\n<td>Tip elektro-motora<\/td>\n<td><strong>Kolektorski elektromotor<\/strong><\/td>\n<\/tr>\n<tr>\n<td>Broj obrtaja u praznom hodu<\/td>\n<td><strong>8000 rpm<\/strong><\/td>\n<\/tr>\n<tr>\n<td>Navoj vratila<\/td>\n<td><strong>M 14<\/strong><\/td>\n<\/tr>\n<tr>\n<td>Spolja\u0161nji pre\u010dnik diska<\/td>\n<td><strong>115 mm<\/strong><\/td>\n<\/tr>\n<tr>\n<td>Unutra\u0161nji pre\u010dnik diska<\/td>\n<td><strong>22.23 mm<\/strong><\/td>\n<\/tr>\n<tr>\n<td>Masa<\/td>\n<td><strong>4.83 kg<\/strong><\/td>\n<\/tr>\n<tr>\n<td>Autonomija sa punom baterijom 1,5 Ah<\/td>\n<td><strong>Presek metalne \u0161ipke \u00d8 12 mm &#8211; 20<\/strong><\/td>\n<\/tr>\n<tr>\n<td>Autonomija sa punom baterijom 2 Ah<\/td>\n<td><strong>Presek metalne \u0161ipke \u00d8 12 mm &#8211; 25<\/strong><\/td>\n<\/tr>\n<tr>\n<td>Autonomija sa punom baterijom 3 Ah<\/td>\n<td><strong>Presek metalne \u0161ipke \u00d8 12 mm &#8211; 35<\/strong><\/td>\n<\/tr>\n<tr>\n<td>Autonomija sa punom baterijom 4 Ah<\/td>\n<td><strong>Presek metalne \u0161ipke \u00d8 12 mm &#8211; 45<\/strong><\/td>\n<\/tr>\n<\/tbody>\n<\/table>\n","protected":false},"excerpt":{"rendered":"<h2>Opis<\/h2>\n<p>&nbsp;<\/p>\n<ul>\n<li>Fuse VLN 4320 je ulazni model ugaonih brusilica. Ovaj lagani alat \u0107e na\u0107i \u0161iroku primenu u Va\u0161em domu ili radionici.<\/li>\n<\/ul>\n<p><strong>Oprema:<\/strong><\/p>\n<ul>\n<li>VLN 4320 alat<\/li>\n<li>Baterija 4Ah<\/li>\n<li>Punja\u010d 2.4A<\/li>\n<li>Kofer<\/li>\n<\/ul>\n<p><strong>Napomena:<\/strong><\/p>\n<ul>\n<li>ure\u0111aj se isporu\u010duje sa punja\u010dem i baterijom<\/li>\n<\/ul>\n","protected":false},"featured_media":10069,"comment_status":"open","ping_status":"closed","template":"","meta":{"inline_featured_image":false},"product_brand":[],"product_cat":[299,297],"product_tag":[],"class_list":{"0":"post-10060","1":"product","2":"type-product","3":"status-publish","4":"has-post-thumbnail","6":"product_cat-aku-brusilica","7":"product_cat-brusilice","9":"first","10":"instock","11":"shipping-taxable","12":"purchasable","13":"product-type-simple"},"_links":{"self":[{"href":"https:\/\/tehnikabacko.rs\/index.php\/wp-json\/wp\/v2\/product\/10060","targetHints":{"allow":["GET"]}}],"collection":[{"href":"https:\/\/tehnikabacko.rs\/index.php\/wp-json\/wp\/v2\/product"}],"about":[{"href":"https:\/\/tehnikabacko.rs\/index.php\/wp-json\/wp\/v2\/types\/product"}],"replies":[{"embeddable":true,"href":"https:\/\/tehnikabacko.rs\/index.php\/wp-json\/wp\/v2\/comments?post=10060"}],"wp:featuredmedia":[{"embeddable":true,"href":"https:\/\/tehnikabacko.rs\/index.php\/wp-json\/wp\/v2\/media\/10069"}],"wp:attachment":[{"href":"https:\/\/tehnikabacko.rs\/index.php\/wp-json\/wp\/v2\/media?parent=10060"}],"wp:term":[{"taxonomy":"product_brand","embeddable":true,"href":"https:\/\/tehnikabacko.rs\/index.php\/wp-json\/wp\/v2\/product_brand?post=10060"},{"taxonomy":"product_cat","embeddable":true,"href":"https:\/\/tehnikabacko.rs\/index.php\/wp-json\/wp\/v2\/product_cat?post=10060"},{"taxonomy":"product_tag","embeddable":true,"href":"https:\/\/tehnikabacko.rs\/index.php\/wp-json\/wp\/v2\/product_tag?post=10060"}],"curies":[{"name":"wp","href":"https:\/\/api.w.org\/{rel}","templated":true}]}}