{"id":10057,"date":"2022-11-19T10:31:51","date_gmt":"2022-11-19T10:31:51","guid":{"rendered":"https:\/\/tehnikabacko.rs\/?post_type=product&#038;p=10057"},"modified":"2025-06-02T00:16:38","modified_gmt":"2025-06-02T00:16:38","slug":"aparat-za-mlevenje-mesa-mg-1800-bk-gorenje","status":"publish","type":"product","link":"https:\/\/tehnikabacko.rs\/index.php\/product\/aparat-za-mlevenje-mesa-mg-1800-bk-gorenje\/","title":{"rendered":"Aparat za mlevenje mesa MG 1800 BK Gorenje"},"content":{"rendered":"<p class=\"izdvajamoNaslov\">Karakteristike &#8211; Aparat za mlevenje mesa MG 1800 BK Gorenje 739240<\/p>\n<div>Snaga: 1800 W<\/div>\n<div>Kapacitet mlevenja: 1.6kg\/min<\/div>\n<div>Reverzibilan rad<\/div>\n<div>Visokokvalitetan no\u017e od ner\u0111aju\u0107eg \u010delika<\/div>\n<div>2 nastavka za mlevenje<\/div>\n<div>Priklju\u010dna snaga: 500W max<\/div>\n<div>Metalno ku\u0107i\u0161te aparata<\/div>\n<div>Dodatna oprema:<\/div>\n<div>No\u017e od nehr\u0111aju\u0107eg \u010delika<\/div>\n<div>Nastavci za pripremu salama i keksa: 3<\/div>\n<div>Re\u0161etke za mlevenje mesa: 2<\/div>\n<div>Dizajn: bela boja<\/div>\n<div>Dimenzije (\u0160xVxD): 31 x 33.5 x 19 cm<\/div>\n<div>Te\u017eina: 4 kg<\/div>\n","protected":false},"excerpt":{"rendered":"<p class=\"izdvajamoNaslov\">Opis &#8211; Aparat za mlevenje mesa MG 1800 BK Gorenje 739240<\/p>\n<div id=\"opis\" class=\"tab-pane fade in active\" role=\"tabpanel\">\n<div>Aparat za mlevenje mesa MG 1800 BK Gorenje 739240 je visokokvalitetan aparat za pripremu hrane. Spada u red onih koji su pre ili kasnije neophodni svakom doma\u0107instvu. Pomo\u0107u ma\u0161ine za mlevenje mesa MG 1800 BK Gorenje 739240 ne\u0107ete samo lako usitniti govedinu, svinjetinu ili piletinu, ve\u0107 \u0107ete to u\u010diniti i brzo i lako. Osim toga, ma\u0161ina za mlevenje MG 1800 BK Gorenje 739240 se lako odr\u017eava\u00a0 i dugo traje. Aparat za mlevenje mesa MG 1800 BK Gorenje 739240 predstavlja idealan izbor za vas.<\/div>\n<\/div>\n","protected":false},"featured_media":10070,"comment_status":"open","ping_status":"closed","template":"","meta":{"inline_featured_image":false},"product_brand":[],"product_cat":[15],"product_tag":[],"class_list":{"0":"post-10057","1":"product","2":"type-product","3":"status-publish","4":"has-post-thumbnail","6":"product_cat-uncategorized","8":"first","9":"instock","10":"shipping-taxable","11":"product-type-simple"},"_links":{"self":[{"href":"https:\/\/tehnikabacko.rs\/index.php\/wp-json\/wp\/v2\/product\/10057","targetHints":{"allow":["GET"]}}],"collection":[{"href":"https:\/\/tehnikabacko.rs\/index.php\/wp-json\/wp\/v2\/product"}],"about":[{"href":"https:\/\/tehnikabacko.rs\/index.php\/wp-json\/wp\/v2\/types\/product"}],"replies":[{"embeddable":true,"href":"https:\/\/tehnikabacko.rs\/index.php\/wp-json\/wp\/v2\/comments?post=10057"}],"wp:featuredmedia":[{"embeddable":true,"href":"https:\/\/tehnikabacko.rs\/index.php\/wp-json\/wp\/v2\/media\/10070"}],"wp:attachment":[{"href":"https:\/\/tehnikabacko.rs\/index.php\/wp-json\/wp\/v2\/media?parent=10057"}],"wp:term":[{"taxonomy":"product_brand","embeddable":true,"href":"https:\/\/tehnikabacko.rs\/index.php\/wp-json\/wp\/v2\/product_brand?post=10057"},{"taxonomy":"product_cat","embeddable":true,"href":"https:\/\/tehnikabacko.rs\/index.php\/wp-json\/wp\/v2\/product_cat?post=10057"},{"taxonomy":"product_tag","embeddable":true,"href":"https:\/\/tehnikabacko.rs\/index.php\/wp-json\/wp\/v2\/product_tag?post=10057"}],"curies":[{"name":"wp","href":"https:\/\/api.w.org\/{rel}","templated":true}]}}