{"id":10055,"date":"2022-11-15T16:45:49","date_gmt":"2022-11-15T16:45:49","guid":{"rendered":"https:\/\/tehnikabacko.rs\/?post_type=product&#038;p=10055"},"modified":"2025-06-07T16:19:20","modified_gmt":"2025-06-07T16:19:20","slug":"colossus-pekara-za-hleb-css-5232","status":"publish","type":"product","link":"https:\/\/tehnikabacko.rs\/index.php\/product\/colossus-pekara-za-hleb-css-5232\/","title":{"rendered":"COLOSSUS Pekara za hleb CSS-5232"},"content":{"rendered":"<div id=\"buy_prod_description\" class=\"buy-prod buy-prod-description\">\n<h2 class=\"title-primary\">Opis<\/h2>\n<p>Snaga 600W<\/p>\n<p>Za 750-900 gr hleba<\/p>\n<p>10-12 digitalnih programa<\/p>\n<p>Funkcija odr\u017eavanja toplote 60 minuta<\/p>\n<p>Odvajaju\u0107i dr\u017ea\u010d hleba\/testa<\/p>\n<p>Ka\u0161ika<\/p>\n<p>Merna \u0161oljica<\/p>\n<p>Recepti za hleb<\/p>\n<p>Boja bela<\/p>\n<\/div>\n<div id=\"buy_prod_details\" class=\"buy-prod buy-prod-details link-inherit off-on\">\n<h2 class=\"title-primary\">Informacije o proizvodu<\/h2>\n<div class=\"form-horizontal\">\n<div class=\"form-group buy-prod-sku\">\n<div class=\"form-label\"><span class=\"label-prod\">Kod proizvoda &#8211; SKU<\/span><\/div>\n<div class=\"form-text data-container-sku\">CSS-5232<\/div>\n<\/div>\n<div class=\"form-group buy-prod-cat\">\n<div class=\"form-label\"><span class=\"label-prod\">Kategorija<\/span><\/div>\n<div class=\"form-text\"><a href=\"https:\/\/www.colossus.rs\/catalog\/pekare-za-hleb-155\">Pekare za hleb<\/a><\/div>\n<\/div>\n<div class=\"form-group buy-prod-manuf\">\n<div class=\"form-label\"><span class=\"label-prod\">Brend<\/span><\/div>\n<div class=\"form-text\"><a href=\"https:\/\/www.colossus.rs\/catalog\/brand\/colossus-technology-1000114\">Colossus technology<\/a><\/div>\n<\/div>\n<div class=\"form-group buy-prod-custom-fields-barkod\">\n<div class=\"form-label flex-shrink-0\"><span class=\"label-prod\">Bar kod<\/span><\/div>\n<div class=\"form-text\">8606012413313<\/div>\n<\/div>\n<div class=\"form-group buy-prod-tags\">\n<div class=\"form-label\"><span class=\"label-prod\">Tagovi<\/span><\/div>\n<div class=\"form-text\"><a href=\"https:\/\/www.colossus.rs\/catalog\/tag\/pekarica\">Pekarica<\/a>,\u00a0<a href=\"https:\/\/www.colossus.rs\/catalog\/tag\/mini-pekara\">mini pekara<\/a>,\u00a0<a href=\"https:\/\/www.colossus.rs\/catalog\/tag\/pekara\">pekara<\/a>,\u00a0<a href=\"https:\/\/www.colossus.rs\/catalog\/tag\/hleb\">hleb<\/a><\/div>\n<\/div>\n<\/div>\n<\/div>\n","protected":false},"excerpt":{"rendered":"<div class=\"form-group buy-prod-sku\">\n<div class=\"form-label\"><span class=\"label-prod\">Kod proizvoda &#8211; SKU<\/span><\/div>\n<div class=\"form-text data-container-sku\">CSS-5232<\/div>\n<\/div>\n<div class=\"form-group buy-prod-cat\">\n<div class=\"form-label\"><span class=\"label-prod\">Kategorija<\/span><\/div>\n<div class=\"form-text\"><a href=\"https:\/\/www.colossus.rs\/catalog\/pekare-za-hleb-155\">Pekare za hleb<\/a><\/div>\n<\/div>\n<div class=\"form-group buy-prod-manuf\">\n<div class=\"form-label\"><span class=\"label-prod\">Brend<\/span><\/div>\n<div class=\"form-text\"><a href=\"https:\/\/www.colossus.rs\/catalog\/brand\/colossus-technology-1000114\">Colossus technology<\/a><\/div>\n<\/div>\n<div class=\"form-group buy-prod-custom-fields-barkod\">\n<div class=\"form-label flex-shrink-0\"><span class=\"label-prod\">Bar kod<\/span><\/div>\n<div class=\"form-text\">8606012413313<\/div>\n<\/div>\n<div class=\"form-group buy-prod-tags\">\n<div class=\"form-label\"><span class=\"label-prod\">Tagovi<\/span><\/div>\n<div class=\"form-text\"><a href=\"https:\/\/www.colossus.rs\/catalog\/tag\/pekarica\">Pekarica<\/a>,\u00a0<a href=\"https:\/\/www.colossus.rs\/catalog\/tag\/mini-pekara\">mini pekara<\/a>,\u00a0<a href=\"https:\/\/www.colossus.rs\/catalog\/tag\/pekara\">pekara<\/a>,\u00a0<a href=\"https:\/\/www.colossus.rs\/catalog\/tag\/hleb\">hleb<\/a><\/div>\n<\/div>\n","protected":false},"featured_media":10071,"comment_status":"open","ping_status":"closed","template":"","meta":{"inline_featured_image":false},"product_brand":[],"product_cat":[15],"product_tag":[315],"class_list":{"0":"post-10055","1":"product","2":"type-product","3":"status-publish","4":"has-post-thumbnail","6":"product_cat-uncategorized","7":"product_tag-pekare-za-hleb","9":"first","10":"instock","11":"shipping-taxable","12":"purchasable","13":"product-type-simple"},"_links":{"self":[{"href":"https:\/\/tehnikabacko.rs\/index.php\/wp-json\/wp\/v2\/product\/10055","targetHints":{"allow":["GET"]}}],"collection":[{"href":"https:\/\/tehnikabacko.rs\/index.php\/wp-json\/wp\/v2\/product"}],"about":[{"href":"https:\/\/tehnikabacko.rs\/index.php\/wp-json\/wp\/v2\/types\/product"}],"replies":[{"embeddable":true,"href":"https:\/\/tehnikabacko.rs\/index.php\/wp-json\/wp\/v2\/comments?post=10055"}],"wp:featuredmedia":[{"embeddable":true,"href":"https:\/\/tehnikabacko.rs\/index.php\/wp-json\/wp\/v2\/media\/10071"}],"wp:attachment":[{"href":"https:\/\/tehnikabacko.rs\/index.php\/wp-json\/wp\/v2\/media?parent=10055"}],"wp:term":[{"taxonomy":"product_brand","embeddable":true,"href":"https:\/\/tehnikabacko.rs\/index.php\/wp-json\/wp\/v2\/product_brand?post=10055"},{"taxonomy":"product_cat","embeddable":true,"href":"https:\/\/tehnikabacko.rs\/index.php\/wp-json\/wp\/v2\/product_cat?post=10055"},{"taxonomy":"product_tag","embeddable":true,"href":"https:\/\/tehnikabacko.rs\/index.php\/wp-json\/wp\/v2\/product_tag?post=10055"}],"curies":[{"name":"wp","href":"https:\/\/api.w.org\/{rel}","templated":true}]}}