{"id":10051,"date":"2022-11-15T16:37:01","date_gmt":"2022-11-15T16:37:01","guid":{"rendered":"https:\/\/tehnikabacko.rs\/?post_type=product&#038;p=10051"},"modified":"2022-11-19T10:36:48","modified_gmt":"2022-11-19T10:36:48","slug":"gorenje-sokovnik-jc900e","status":"publish","type":"product","link":"https:\/\/tehnikabacko.rs\/index.php\/product\/gorenje-sokovnik-jc900e\/","title":{"rendered":"Gorenje sokovnik JC900E"},"content":{"rendered":"<div class=\"flix-std-section-title flix-d-h2\">Tehni\u010dke karakteristike<\/div>\n<div class=\"flix-std-container-fluid\">\n<div class=\"flix-std-row\">\n<div class=\"flix-std-clmn-lg-12\">\n<table class=\"flix-std-specs-table\">\n<tbody>\n<tr>\n<th colspan=\"2\">Posebne karakteristike<\/th>\n<\/tr>\n<tr>\n<td class=\"flix-d-h6\">Maksimalna snaga motora<\/td>\n<td class=\"flix-d-p\">900 W<\/td>\n<\/tr>\n<tr>\n<td class=\"flix-d-h6\">Materijal<\/td>\n<td class=\"flix-d-p\">Ner\u0111aju\u0107i \u010delik<\/td>\n<\/tr>\n<tr>\n<td class=\"flix-d-h6\">Filteri<\/td>\n<td class=\"flix-d-p\">Poseban mikro filter<\/td>\n<\/tr>\n<tr>\n<td class=\"flix-d-h6\">Jednostavno \u010di\u0161\u0107enje<\/td>\n<td class=\"flix-d-p\">Yes<\/td>\n<\/tr>\n<tr>\n<td class=\"flix-d-h6\">Automatsko izbacivanje pulpe<\/td>\n<td class=\"flix-d-p\">Yes<\/td>\n<\/tr>\n<tr>\n<td class=\"flix-d-h6\">Sistem protiv kapljanja<\/td>\n<td class=\"flix-d-p\">Yes<\/td>\n<\/tr>\n<tr>\n<th colspan=\"2\">Upravljanje<\/th>\n<\/tr>\n<tr>\n<td class=\"flix-d-h6\">Dugme za uklju\u010denje\/isklju\u010denje aparata<\/td>\n<td class=\"flix-d-p\">Rotiraju\u0107e dugme za uklju\u010divanje\/isklju\u010divanje i regulaciju<\/td>\n<\/tr>\n<tr>\n<td class=\"flix-d-h6\">Regulacija brzine<\/td>\n<td class=\"flix-d-p\">Yes<\/td>\n<\/tr>\n<tr>\n<td class=\"flix-d-h6\">Broj brzina<\/td>\n<td class=\"flix-d-p\">2<\/td>\n<\/tr>\n<tr>\n<th colspan=\"2\">Set filtera za ovla\u017eiva\u010d H50DW<\/th>\n<\/tr>\n<tr>\n<td class=\"flix-d-h6\">Za\u0161titini poklopac<\/td>\n<td class=\"flix-d-p\">Za\u0161titni poklopac<\/td>\n<\/tr>\n<tr>\n<td class=\"flix-d-h6\">\u010cetka za \u010di\u0161\u0107enje<\/td>\n<td class=\"flix-d-p\">Yes<\/td>\n<\/tr>\n<tr>\n<td class=\"flix-d-h6\">Nogice za stabilnost<\/td>\n<td class=\"flix-d-p\">Vakuumske no\u017eice za potpunu stabilnost<\/td>\n<\/tr>\n<tr>\n<th colspan=\"2\">Sigurnosni sistemi<\/th>\n<\/tr>\n<tr>\n<td class=\"flix-d-h6\">Sigurnosni prekida\u010d<\/td>\n<td class=\"flix-d-p\">Yes<\/td>\n<\/tr>\n<tr>\n<th colspan=\"2\">Tehni\u010dke informacije<\/th>\n<\/tr>\n<tr>\n<td class=\"flix-d-h6\">Kapacitet posude za otpatke<\/td>\n<td class=\"flix-d-p\">1,5 l<\/td>\n<\/tr>\n<tr>\n<td class=\"flix-d-h6\">Materijal ku\u0107i\u0161te<\/td>\n<td class=\"flix-d-p\">Ku\u0107i\u0161te od plastike i metala<\/td>\n<\/tr>\n<tr>\n<td class=\"flix-d-h6\">Boja aparata<\/td>\n<td class=\"flix-d-p\">Inox<\/td>\n<\/tr>\n<tr>\n<td class=\"flix-d-h6\">Otvor &#8211; cev za doziranje<\/td>\n<td class=\"flix-d-p\">XXL otvor &#8211; cev za doziranje<\/td>\n<\/tr>\n<tr>\n<td class=\"flix-d-h6\">Dimenzije aparata (\u0160xVxD)<\/td>\n<td class=\"flix-d-p\">30 \u00d7 40 \u00d7 21 cm<\/td>\n<\/tr>\n<tr>\n<td class=\"flix-d-h6\">Dimenzije spakovanog aparata (\u0161xvxd)<\/td>\n<td class=\"flix-d-p\">33,7 \u00d7 41,8 \u00d7 22,6 cm<\/td>\n<\/tr>\n<tr>\n<td class=\"flix-d-h6\">Te\u017eina jedinice<\/td>\n<td class=\"flix-d-p\">4 kg<\/td>\n<\/tr>\n<tr>\n<td class=\"flix-d-h6\">Bruto te\u017eina aparata<\/td>\n<td class=\"flix-d-p\">4,9 kg<\/td>\n<\/tr>\n<tr>\n<td class=\"flix-d-h6\">Priklju\u010dna snaga<\/td>\n<td class=\"flix-d-p\">900 W<\/td>\n<\/tr>\n<tr>\n<td class=\"flix-d-h6\">\u0160ifra proizvoda<\/td>\n<td class=\"flix-d-p\">730001<\/td>\n<\/tr>\n<tr>\n<td class=\"flix-d-h6\">BAR kod<\/td>\n<td class=\"flix-d-p\">3838942074837<\/td>\n<\/tr>\n<\/tbody>\n<\/table>\n<\/div>\n<\/div>\n<\/div>\n","protected":false},"excerpt":{"rendered":"<ul>\n<li>Snaga 900 W<\/li>\n<li>Zapremina posude za sok 1,1 l<\/li>\n<li>Zapremina posude za pulpu 1,5 l<\/li>\n<li>Veliki otvor za vo\u0107e XXL otvor<\/li>\n<li>Dve brzine rada<\/li>\n<li>Jednostavno \u010di\u0161\u0107enje<\/li>\n<\/ul>\n","protected":false},"featured_media":10073,"comment_status":"open","ping_status":"closed","template":"","meta":{"inline_featured_image":false},"product_brand":[],"product_cat":[313],"product_tag":[314],"class_list":{"0":"post-10051","1":"product","2":"type-product","3":"status-publish","4":"has-post-thumbnail","6":"product_cat-sokovnici","7":"product_tag-kucni-aparati","9":"first","10":"instock","11":"shipping-taxable","12":"purchasable","13":"product-type-simple"},"_links":{"self":[{"href":"https:\/\/tehnikabacko.rs\/index.php\/wp-json\/wp\/v2\/product\/10051","targetHints":{"allow":["GET"]}}],"collection":[{"href":"https:\/\/tehnikabacko.rs\/index.php\/wp-json\/wp\/v2\/product"}],"about":[{"href":"https:\/\/tehnikabacko.rs\/index.php\/wp-json\/wp\/v2\/types\/product"}],"replies":[{"embeddable":true,"href":"https:\/\/tehnikabacko.rs\/index.php\/wp-json\/wp\/v2\/comments?post=10051"}],"wp:featuredmedia":[{"embeddable":true,"href":"https:\/\/tehnikabacko.rs\/index.php\/wp-json\/wp\/v2\/media\/10073"}],"wp:attachment":[{"href":"https:\/\/tehnikabacko.rs\/index.php\/wp-json\/wp\/v2\/media?parent=10051"}],"wp:term":[{"taxonomy":"product_brand","embeddable":true,"href":"https:\/\/tehnikabacko.rs\/index.php\/wp-json\/wp\/v2\/product_brand?post=10051"},{"taxonomy":"product_cat","embeddable":true,"href":"https:\/\/tehnikabacko.rs\/index.php\/wp-json\/wp\/v2\/product_cat?post=10051"},{"taxonomy":"product_tag","embeddable":true,"href":"https:\/\/tehnikabacko.rs\/index.php\/wp-json\/wp\/v2\/product_tag?post=10051"}],"curies":[{"name":"wp","href":"https:\/\/api.w.org\/{rel}","templated":true}]}}