{"id":10047,"date":"2022-11-15T16:25:19","date_gmt":"2022-11-15T16:25:19","guid":{"rendered":"https:\/\/tehnikabacko.rs\/?post_type=product&#038;p=10047"},"modified":"2025-10-01T13:43:39","modified_gmt":"2025-10-01T13:43:39","slug":"elektricni-duvac-usisivac-lisca-villager-vebv-3000","status":"publish","type":"product","link":"https:\/\/tehnikabacko.rs\/index.php\/product\/elektricni-duvac-usisivac-lisca-villager-vebv-3000\/","title":{"rendered":"Elektri\u010dni duva\u010d\/usisiva\u010d li\u0161\u0107a Villager VEBV 3000"},"content":{"rendered":"<table class=\"table product-attrbite-table\">\n<thead>\n<tr>\n<th>Karakteristika<\/th>\n<th>Vrednost<\/th>\n<\/tr>\n<\/thead>\n<tbody>\n<tr>\n<td>Kategorija<\/td>\n<td><a title=\"Elektri\u010dni duva\u010di\" href=\"https:\/\/www.agromarket.rs\/elektricni-duvaci\/\">Elektri\u010dni duva\u010di<\/a><\/td>\n<\/tr>\n<tr class=\"attr-table-product-weight\">\n<td>Te\u017eina pakovanja<\/td>\n<td>4.95 kg<\/td>\n<\/tr>\n<tr class=\"attr-brend\">\n<td>Brend<\/td>\n<td><a title=\"Villager\" href=\"https:\/\/www.agromarket.rs\/proizvodi\/brend-villager\">Villager<\/a><\/td>\n<\/tr>\n<tr class=\"attr-tip-elektromotora\">\n<td>Tip elektromotora<\/td>\n<td>Kolektorski<\/td>\n<\/tr>\n<tr class=\"attr-napon\">\n<td>Napon<\/td>\n<td>230 V ~ 50 Hz<\/td>\n<\/tr>\n<tr class=\"attr-prikljucna-snaga\">\n<td>Priklju\u010dna snaga<\/td>\n<td>3000 W<\/td>\n<\/tr>\n<tr class=\"attr-maksimalni-protok-vazduha\">\n<td>Maksimalni protok vazduha<\/td>\n<td>16 m\u00b3\/min<\/td>\n<\/tr>\n<tr class=\"attr-maksimalna-brzina-izduvavanja\">\n<td>Maksimalna brzina izduvavanja<\/td>\n<td>83 m\/s<\/td>\n<\/tr>\n<tr class=\"attr-rezim-rada\">\n<td>Re\u017eim rada<\/td>\n<td>Duva\u010d\/usisiva\u010d<\/td>\n<\/tr>\n<tr class=\"attr-zapremina-sakupljaca-duvaci\">\n<td>Zapremina sakuplja\u010da &#8211; duva\u010di<\/td>\n<td>45 l<\/td>\n<\/tr>\n<\/tbody>\n<\/table>\n","protected":false},"excerpt":{"rendered":"<div class=\"heading-wrapper\">\n<div class=\"title\">\n<h1>Elektri\u010dni duva\u010d\/usisiva\u010d li\u0161\u0107a Villager VEBV 3000<\/h1>\n<\/div>\n<\/div>\n<div class=\"category\"><a title=\"Elektri\u010dni duva\u010di\" href=\"https:\/\/www.agromarket.rs\/elektricni-duvaci\/\">Elektri\u010dni duva\u010di<\/a><\/div>\n<div class=\"code\">\u0160ifra artikla:\u00a0041453<\/div>\n<div class=\"product-model\">Model ure\u0111aja:\u00a0VEBV 3000<\/div>\n<div class=\"description read-more-text less\" data-characters=\"320\" data-characters-mobile=\"250\" data-lesstext=\"Manje detalja\" data-moretext=\"Detaljnije\">Villager motorni i elektri\u010dni duva\u010di, sa i bez opcije usisavanja, nezaobilazan su alat za jesenje sre\u0111ivanje vrta.<\/div>\n","protected":false},"featured_media":11275,"comment_status":"open","ping_status":"closed","template":"","meta":{"inline_featured_image":false},"product_brand":[],"product_cat":[148,311,257],"product_tag":[],"class_list":{"0":"post-10047","1":"product","2":"type-product","3":"status-publish","4":"has-post-thumbnail","6":"product_cat-alati","7":"product_cat-duvaci-za-lisce","8":"product_cat-villager","10":"first","11":"instock","12":"sale","13":"shipping-taxable","14":"purchasable","15":"product-type-simple"},"_links":{"self":[{"href":"https:\/\/tehnikabacko.rs\/index.php\/wp-json\/wp\/v2\/product\/10047","targetHints":{"allow":["GET"]}}],"collection":[{"href":"https:\/\/tehnikabacko.rs\/index.php\/wp-json\/wp\/v2\/product"}],"about":[{"href":"https:\/\/tehnikabacko.rs\/index.php\/wp-json\/wp\/v2\/types\/product"}],"replies":[{"embeddable":true,"href":"https:\/\/tehnikabacko.rs\/index.php\/wp-json\/wp\/v2\/comments?post=10047"}],"wp:featuredmedia":[{"embeddable":true,"href":"https:\/\/tehnikabacko.rs\/index.php\/wp-json\/wp\/v2\/media\/11275"}],"wp:attachment":[{"href":"https:\/\/tehnikabacko.rs\/index.php\/wp-json\/wp\/v2\/media?parent=10047"}],"wp:term":[{"taxonomy":"product_brand","embeddable":true,"href":"https:\/\/tehnikabacko.rs\/index.php\/wp-json\/wp\/v2\/product_brand?post=10047"},{"taxonomy":"product_cat","embeddable":true,"href":"https:\/\/tehnikabacko.rs\/index.php\/wp-json\/wp\/v2\/product_cat?post=10047"},{"taxonomy":"product_tag","embeddable":true,"href":"https:\/\/tehnikabacko.rs\/index.php\/wp-json\/wp\/v2\/product_tag?post=10047"}],"curies":[{"name":"wp","href":"https:\/\/api.w.org\/{rel}","templated":true}]}}