{"id":10015,"date":"2022-10-01T10:40:42","date_gmt":"2022-10-01T10:40:42","guid":{"rendered":"https:\/\/tehnikabacko.rs\/?post_type=product&#038;p=10015"},"modified":"2025-06-01T14:06:00","modified_gmt":"2025-06-01T14:06:00","slug":"elektricna-kosacica-villager-villy-1300-e","status":"publish","type":"product","link":"https:\/\/tehnikabacko.rs\/index.php\/product\/elektricna-kosacica-villager-villy-1300-e\/","title":{"rendered":"Elektri\u010dna kosa\u010dica Villager Villy 1300 E"},"content":{"rendered":"<table class=\"table product-attrbite-table\">\n<thead>\n<tr>\n<th>Karakteristika<\/th>\n<th>Vrednost<\/th>\n<\/tr>\n<\/thead>\n<tbody>\n<tr>\n<td>Kategorija<\/td>\n<td><a title=\"Elektri\u010dne kosa\u010dice\" href=\"https:\/\/www.agromarket.rs\/elektricne-kosacice\/\">Elektri\u010dne kosa\u010dice<\/a><\/td>\n<\/tr>\n<tr class=\"attr-table-product-weight\">\n<td>Te\u017eina pakovanja<\/td>\n<td>13.8 kg<\/td>\n<\/tr>\n<tr class=\"attr-brend\">\n<td>Brend<\/td>\n<td><a title=\"Villager\" href=\"https:\/\/www.agromarket.rs\/proizvodi\/brend-villager\">Villager<\/a><\/td>\n<\/tr>\n<tr class=\"attr-tip-elektromotora\">\n<td>Tip elektromotora<\/td>\n<td>Indukcioni elektromotor<\/td>\n<\/tr>\n<tr class=\"attr-napon\">\n<td>Napon<\/td>\n<td>230 V ~ 50 Hz<\/td>\n<\/tr>\n<tr class=\"attr-prikljucna-snaga\">\n<td>Priklju\u010dna snaga<\/td>\n<td>1300 W<\/td>\n<\/tr>\n<tr class=\"attr-povrsina-kosenja\">\n<td>Povr\u0161ina ko\u0161enja<\/td>\n<td>600 m\u00b2<\/td>\n<\/tr>\n<tr class=\"attr-sirina-kosenja\">\n<td>\u0160irina ko\u0161enja<\/td>\n<td>320 mm<\/td>\n<\/tr>\n<tr class=\"attr-visina-kosenja\">\n<td>Visina ko\u0161enja<\/td>\n<td>25 &#8211; 55 mm (3 nivoa)<\/td>\n<\/tr>\n<tr class=\"attr-tip-pogona\">\n<td>Tip pogona<\/td>\n<td>Guraju\u0107i<\/td>\n<\/tr>\n<tr class=\"attr-precnik-tocka-prednjizadnji\">\n<td>Pre\u010dnik to\u010dka (prednji\/zadnji)<\/td>\n<td><a title=\"140 mm \/ 155 mm\" href=\"https:\/\/www.agromarket.rs\/proizvodi\/precnik-tocka-prednjizadnji-140-mm-155-mm\">140 mm \/ 155 mm<\/a><\/td>\n<\/tr>\n<tr class=\"attr-zapremina-sakupljaca\">\n<td>Zapremina sakuplja\u010da<\/td>\n<td>35 l<\/td>\n<\/tr>\n<\/tbody>\n<\/table>\n","protected":false},"excerpt":{"rendered":"<p>Villager elektri\u010dne kosa\u010dice su namenjene za odr\u017eavanje<br \/>\ntravnjaka malih povr\u0161ina od 300m\u00b2 do 800m\u00b2. Korisne su<br \/>\nza urbane sredine zahvaljuju\u0107i maloj koli\u010dini buke koju<br \/>\nproizvode. Lagane i kompaktne, lake su za skladi\u0161tenje<br \/>\ntokom zime.<\/p>\n","protected":false},"featured_media":10160,"comment_status":"open","ping_status":"closed","template":"","meta":{"inline_featured_image":false},"product_brand":[],"product_cat":[271,244],"product_tag":[],"class_list":{"0":"post-10015","1":"product","2":"type-product","3":"status-publish","4":"has-post-thumbnail","6":"product_cat-elektricna-kosilica","7":"product_cat-kosacice","9":"first","10":"instock","11":"sale","12":"shipping-taxable","13":"purchasable","14":"product-type-simple"},"_links":{"self":[{"href":"https:\/\/tehnikabacko.rs\/index.php\/wp-json\/wp\/v2\/product\/10015","targetHints":{"allow":["GET"]}}],"collection":[{"href":"https:\/\/tehnikabacko.rs\/index.php\/wp-json\/wp\/v2\/product"}],"about":[{"href":"https:\/\/tehnikabacko.rs\/index.php\/wp-json\/wp\/v2\/types\/product"}],"replies":[{"embeddable":true,"href":"https:\/\/tehnikabacko.rs\/index.php\/wp-json\/wp\/v2\/comments?post=10015"}],"wp:featuredmedia":[{"embeddable":true,"href":"https:\/\/tehnikabacko.rs\/index.php\/wp-json\/wp\/v2\/media\/10160"}],"wp:attachment":[{"href":"https:\/\/tehnikabacko.rs\/index.php\/wp-json\/wp\/v2\/media?parent=10015"}],"wp:term":[{"taxonomy":"product_brand","embeddable":true,"href":"https:\/\/tehnikabacko.rs\/index.php\/wp-json\/wp\/v2\/product_brand?post=10015"},{"taxonomy":"product_cat","embeddable":true,"href":"https:\/\/tehnikabacko.rs\/index.php\/wp-json\/wp\/v2\/product_cat?post=10015"},{"taxonomy":"product_tag","embeddable":true,"href":"https:\/\/tehnikabacko.rs\/index.php\/wp-json\/wp\/v2\/product_tag?post=10015"}],"curies":[{"name":"wp","href":"https:\/\/api.w.org\/{rel}","templated":true}]}}